{"id":54501,"date":"2023-08-22T16:24:29","date_gmt":"2023-08-22T14:24:29","guid":{"rendered":"https:\/\/zemunice-knezevic.com\/?page_id=54501"},"modified":"2025-01-30T13:18:09","modified_gmt":"2025-01-30T12:18:09","slug":"apartmani","status":"publish","type":"page","link":"https:\/\/zemunice-knezevic.com\/en\/apartmani\/","title":{"rendered":"Apartments"},"content":{"rendered":"<div data-elementor-type=\"wp-page\" data-elementor-id=\"54501\" class=\"elementor elementor-54501\">\n\t\t\t\t\t\t\t\t\t<section class=\"elementor-section elementor-top-section elementor-element elementor-element-ec00f58 elementor-section-height-min-height elementor-section-boxed elementor-section-height-default elementor-section-items-middle\" data-id=\"ec00f58\" data-element_type=\"section\" data-settings=\"{&quot;background_background&quot;:&quot;classic&quot;,&quot;shape_divider_bottom&quot;:&quot;lqd-custom-shape-12&quot;}\">\n\t\t\t\t\t\t\t<div class=\"elementor-background-overlay\"><\/div>\n\t\t\t\t\t\t<div class=\"elementor-shape elementor-shape-bottom\" data-negative=\"false\">\n\t\t\t<svg class=\"lqd-custom-shape\" xmlns=\"http:\/\/www.w3.org\/2000\/svg\" preserveaspectratio=\"none\"  viewbox=\"0 0 1440 150\">\n    <path class=\"elementor-shape-fill\" d=\"M 0 26.1978 C 275.76 83.8152 430.707 65.0509 716.279 25.6386 C 930.422 -3.86123 1210.32 -3.98357 1439 9.18045 C 2072.34 45.9691 2201.93 62.4429 2560 26.198 V 172.199 L 0 172.199 V 26.1978 Z\">\n        <animate repeatcount=\"indefinite\" fill=\"freeze\" attributename=\"d\" dur=\"10s\" values=\"M0 25.9086C277 84.5821 433 65.736 720 25.9086C934.818 -3.9019 1214.06 -5.23669 1442 8.06597C2079 45.2421 2208 63.5007 2560 25.9088V171.91L0 171.91V25.9086Z; M0 86.3149C316 86.315 444 159.155 884 51.1554C1324 -56.8446 1320.29 34.1214 1538 70.4063C1814 116.407 2156 188.408 2560 86.315V232.317L0 232.316V86.3149Z; M0 53.6584C158 11.0001 213 0 363 0C513 0 855.555 115.001 1154 115.001C1440 115.001 1626 -38.0004 2560 53.6585V199.66L0 199.66V53.6584Z; M0 25.9086C277 84.5821 433 65.736 720 25.9086C934.818 -3.9019 1214.06 -5.23669 1442 8.06597C2079 45.2421 2208 63.5007 2560 25.9088V171.91L0 171.91V25.9086Z\">\n        <\/animate>\n    <\/path>\n<\/svg>\t\t<\/div>\n\t\t\t\t\t<div class=\"elementor-container elementor-column-gap-default\">\n\t\t\t\t\t<div class=\"elementor-column elementor-col-100 elementor-top-column elementor-element elementor-element-7f20412\" data-id=\"7f20412\" data-element_type=\"column\">\n\t\t\t<div class=\"elementor-widget-wrap elementor-element-populated\">\n\t\t\t\t\t\t\t\t<div class=\"elementor-element elementor-element-d791a68 elementor-widget elementor-widget-hub_fancy_heading\" data-id=\"d791a68\" data-element_type=\"widget\" data-widget_type=\"hub_fancy_heading.default\">\n\t\t\t\t<div class=\"elementor-widget-container\">\n\t\t\t\n\t\t<div id=\"ld-fancy-heading-69e1df76236c2\" class=\"ld-fancy-heading pos-rel\">\n\t\t\t<h1 class=\"ld-fh-element d-inline-block pos-rel  elementor-heading-title lqd-highlight-classic lqd-highlight-grow-left h1\"  > Apartments \/ price list<\/h1>\t\t<\/div>\n\n\t\t\t\t<\/div>\n\t\t\t\t<\/div>\n\t\t\t\t\t<\/div>\n\t\t<\/div>\n\t\t\t\t\t\t\t<\/div>\n\t\t<\/section>\n\t\t<div class=\"elementor-element elementor-element-3f0c26d e-flex e-con-boxed e-con e-parent\" data-id=\"3f0c26d\" data-element_type=\"container\" data-settings=\"{&quot;content_width&quot;:&quot;boxed&quot;}\" data-core-v316-plus=\"true\">\n\t\t\t\t\t<div class=\"e-con-inner\">\n\t\t<div class=\"elementor-element elementor-element-b93e19b e-con-full e-flex e-con e-child\" data-id=\"b93e19b\" data-element_type=\"container\" data-settings=\"{&quot;content_width&quot;:&quot;full&quot;}\">\n\t\t\t\t<div class=\"elementor-element elementor-element-a5066c4 elementor-widget elementor-widget-hub_fancy_heading\" data-id=\"a5066c4\" data-element_type=\"widget\" data-widget_type=\"hub_fancy_heading.default\">\n\t\t\t\t<div class=\"elementor-widget-container\">\n\t\t\t\n\t\t<div id=\"ld-fancy-heading-69e1df7629184\" class=\"ld-fancy-heading pos-rel\">\n\t\t\t<h3 class=\"ld-fh-element d-inline-block pos-rel  elementor-heading-title lqd-highlight-classic lqd-highlight-grow-left h3\"  > Our offer<\/h3>\t\t<\/div>\n\n\t\t\t\t<\/div>\n\t\t\t\t<\/div>\n\t\t\t\t<div class=\"elementor-element elementor-element-3b31b6a elementor-widget elementor-widget-ld_tabs\" data-id=\"3b31b6a\" data-element_type=\"widget\" data-widget_type=\"ld_tabs.default\">\n\t\t\t\t<div class=\"elementor-widget-container\">\n\t\t\t\t\t<div class=\"lqd-tabs lqd-tabs-style-3 lqd-tabs-nav-iconbox lqd-tabs-nav-items-not-expanded  3b31b6a lqd-nav-underline-\" data-tabs-options=\"{&quot;trigger&quot;:&quot;click&quot;}\">\n\n\t\t\t<nav class=\"lqd-tabs-nav-wrap mb-5\">\n\t\t\t\t<ul class=\"reset-ul lqd-tabs-nav d-flex align-items-center justify-content-center pos-rel\" role=\"tablist\"><li data-controls=\"lqd-tab-6201\" role=\"presentation\" class=\"elementor-repeater-item-136c7e3 active text-center\"><a class=\"d-block\" href=\"#lqd-tab-6201\" data-bs-target=\"#lqd-tab-6201\" aria-expanded=\"false\" aria-controls=\"lqd-tab-6201\" role=\"tab\" data-toggle=\"tab\" data-bs-toggle=\"tab\"><span class=\"lqd-tabs-nav-icon d-block\"><span class=\"lqd-tabs-nav-content d-block\"><span class=\"d-block pos-rel h3 mt-0 mb-0\">Couple Suits<\/span><\/span><\/span><span class=\"lqd-tabs-nav-progress\"><span class=\"lqd-tabs-nav-progress-inner\"><\/span><\/span><\/a><\/li><li data-controls=\"lqd-tab-6202\" role=\"presentation\" class=\"elementor-repeater-item-e75e701 text-center\"><a class=\"d-block\" href=\"#lqd-tab-6202\" data-bs-target=\"#lqd-tab-6202\" aria-expanded=\"false\" aria-controls=\"lqd-tab-6202\" role=\"tab\" data-toggle=\"tab\" data-bs-toggle=\"tab\"><span class=\"lqd-tabs-nav-icon d-block\"><span class=\"lqd-tabs-nav-content d-block\"><span class=\"d-block pos-rel h3 mt-0 mb-0\">Family Suits<\/span><\/span><\/span><span class=\"lqd-tabs-nav-progress\"><span class=\"lqd-tabs-nav-progress-inner\"><\/span><\/span><\/a><\/li><li data-controls=\"lqd-tab-6203\" role=\"presentation\" class=\"elementor-repeater-item-889466d text-center\"><a class=\"d-block\" href=\"#lqd-tab-6203\" data-bs-target=\"#lqd-tab-6203\" aria-expanded=\"false\" aria-controls=\"lqd-tab-6203\" role=\"tab\" data-toggle=\"tab\" data-bs-toggle=\"tab\"><span class=\"lqd-tabs-nav-icon d-block\"><span class=\"lqd-tabs-nav-content d-block\"><span class=\"d-block pos-rel h3 mt-0 mb-0\">Swimming Pool - Seasonal Oasis of Enjoyment<\/span><\/span><\/span><span class=\"lqd-tabs-nav-progress\"><span class=\"lqd-tabs-nav-progress-inner\"><\/span><\/span><\/a><\/li><li data-controls=\"lqd-tab-6204\" role=\"presentation\" class=\"elementor-repeater-item-0c95e22 text-center\"><a class=\"d-block\" href=\"#lqd-tab-6204\" data-bs-target=\"#lqd-tab-6204\" aria-expanded=\"false\" aria-controls=\"lqd-tab-6204\" role=\"tab\" data-toggle=\"tab\" data-bs-toggle=\"tab\"><span class=\"lqd-tabs-nav-icon d-block\"><span class=\"lqd-tabs-nav-content d-block\"><span class=\"d-block pos-rel h3 mt-0 mb-0\">Sauna <\/span><\/span><\/span><span class=\"lqd-tabs-nav-progress\"><span class=\"lqd-tabs-nav-progress-inner\"><\/span><\/span><\/a><\/li><\/ul>\t\t\t\t\t\t\t<\/nav>\n\n\t\t\t<div class=\"lqd-tabs-content pos-rel\"><div id=\"lqd-tab-6201\" role=\"tabpanel\" class=\"lqd-tabs-pane fade active in\"><p style=\"text-align: left;\"><span style=\"font-weight: 400;\">Welcome to our couples' apartments, designed for two. A total of 4 apartments have been carefully designed exclusively for couples, creating a uniquely romantic experience. Each apartment features its private Jacuzzi, promising complete relaxation while enjoying the enchanting view of Osma\u010da. Our meticulously appointed bathrooms come with bathrobes, slippers, soft towels, and a carefully curated set of amenities.<\/span><\/p><p style=\"text-align: left;\"><span style=\"font-weight: 400;\">While relaxing with the mini-bar, you can enjoy fresh espresso coffee. In the apartments, a basket of seasonal fruits and a welcome bottle of wine or champagne await you. The accommodations cover 29 square meters and provide a comfortable space with TV and internet. For those who enjoy the open space, sun loungers are available.<\/span><\/p><p style=\"text-align: left;\"><span style=\"font-weight: 400;\">The drink menu with prices will be available in each apartment, and ordering via WhatsApp or Viber is made convenient by our responsive team. Additionally, you will find a selection of hotel toiletries, including conditioner, shampoo, shower gel, lotion, and soap - all for your comfort.<\/span><\/p><p style=\"text-align: left;\"><span style=\"font-weight: 400;\">As part of your stay, you can use the sauna (year-round) and the pool (during the summer).<\/span><\/p><p><img fetchpriority=\"high\" decoding=\"async\" class=\"alignnone size-medium wp-image-54439 alignleft\" src=\"https:\/\/zemunice-knezevic.com\/wp-content\/uploads\/2023\/08\/1417-945-max-2.jpg\" alt=\"\" width=\"1200\" height=\"1200\" srcset=\"https:\/\/zemunice-knezevic.com\/wp-content\/uploads\/2023\/08\/1417-945-max-2-150x150.jpg 150w, https:\/\/zemunice-knezevic.com\/wp-content\/uploads\/2023\/08\/1417-945-max-2-320x320.jpg 320w, https:\/\/zemunice-knezevic.com\/wp-content\/uploads\/2023\/08\/1417-945-max-2-760x760.jpg 760w\" sizes=\"(max-width: 1200px) 100vw, 1200px\" \/><\/p> <\/div><div id=\"lqd-tab-6202\" role=\"tabpanel\" class=\"lqd-tabs-pane fade\"><p style=\"text-align: left;\"><span style=\"font-weight: 400;\">Welcome to our family apartments, where unforgettable moments with your loved ones are created, accommodating up to 4 people. A total of 3 spacious apartments are designed to provide comfort and togetherness. Enjoy the beautiful view of Osma\u010da from the apartments.<\/span><\/p><p style=\"text-align: left;\"><span style=\"font-weight: 400;\">Our meticulously appointed bathrooms come with bathrobes, slippers, soft towels, and an amenity set. Enjoy fresh espresso coffee while relaxing with the mini-bar, along with seasonal fruit and a welcome bottle of wine or champagne. The apartments, covering 31 square meters, also feature a TV and internet. Sun loungers are available for relaxation.<\/span><\/p><p style=\"text-align: left;\"><span style=\"font-weight: 400;\">The drink menu with prices will be available in each apartment, and ordering via WhatsApp or Viber is made convenient by our responsive team. Additionally, you will find a selection of hotel toiletries, including conditioner, shampoo, shower gel, lotion, and soap - all for your comfort.<\/span><\/p><p style=\"text-align: left;\"><span style=\"font-weight: 400;\">As part of your stay, you can use the sauna (year-round) and the pool (during the summer). <\/span><\/p><p><img decoding=\"async\" class=\"alignnone size-medium wp-image-54439 alignleft\" src=\"https:\/\/zemunice-knezevic.com\/wp-content\/uploads\/2023\/08\/1417-945-max-3.jpg\" alt=\"\" width=\"1200\" height=\"1200\" \/><\/p> <\/div><div id=\"lqd-tab-6203\" role=\"tabpanel\" class=\"lqd-tabs-pane fade\"><p style=\"text-align: left;\"><span style=\"font-weight: 400;\">Enjoy refreshment and relaxation in our pool, available only during the season from May 15th to September 15th. With dimensions of 9 meters in length and 5 meters in width, our pool offers not only a swimming space but also a magical view of Osma\u010da. Comfortable loungers around the pool invite you to relax and bask in the sun. Our team regularly maintains and monitors the pool's hygiene, making your stay even more enjoyable and worry-free.<\/span><\/p><p>The pool features a waterfall and massage jets for a complete indulgence and relaxation experience.<\/p><p><img decoding=\"async\" class=\"alignnone size-medium wp-image-54439 alignleft\" src=\"https:\/\/zemunice-knezevic.com\/wp-content\/uploads\/2023\/08\/image1-rotated.jpeg\" alt=\"\" width=\"1200\" height=\"1200\" \/><\/p> <\/div><div id=\"lqd-tab-6204\" role=\"tabpanel\" class=\"lqd-tabs-pane fade\"><p style=\"text-align: left;\"><span style=\"font-weight: 400;\">Enjoy the relaxation experience in our sauna, available year-round. With dimensions of 2.5 x 2.5 meters, our sauna can accommodate up to 6 people at once. This sauna is designed to provide you with complete serenity and tranquility, helping you to fully unwind and recharge. Regardless of the season, the sauna is here to offer you moments of relaxation and enjoyment.<\/span><\/p><p>The absolute enjoyment you won't forget is complemented by a tea station (tea and water). Additionally, there are a shower and a toilet within the sauna area.<\/p><p><img loading=\"lazy\" decoding=\"async\" class=\"alignnone size-medium wp-image-54439 alignleft\" src=\"https:\/\/zemunice-knezevic.com\/wp-content\/uploads\/2023\/08\/WhatsApp-Image-2023-08-18-at-20.53.55-2.jpg\" alt=\"\" width=\"1200\" height=\"1200\" \/><\/p> <\/div><\/div>\n\t\t<\/div>\n\t\t\t<\/div>\n\t\t\t\t<\/div>\n\t\t\t\t<\/div>\n\t\t<div class=\"elementor-element elementor-element-2160354 e-con-full e-flex e-con e-child\" data-id=\"2160354\" data-element_type=\"container\" id=\"cjenovnik\" data-settings=\"{&quot;content_width&quot;:&quot;full&quot;}\">\n\t\t\t\t<div class=\"elementor-element elementor-element-8f38d73 elementor-widget elementor-widget-hub_fancy_heading\" data-id=\"8f38d73\" data-element_type=\"widget\" data-widget_type=\"hub_fancy_heading.default\">\n\t\t\t\t<div class=\"elementor-widget-container\">\n\t\t\t\n\t\t<div id=\"ld-fancy-heading-69e1df7630e00\" class=\"ld-fancy-heading pos-rel\">\n\t\t\t<h3 class=\"ld-fh-element d-inline-block pos-rel  elementor-heading-title lqd-highlight-classic lqd-highlight-grow-left h3\"  > Price list<\/h3>\t\t<\/div>\n\n\t\t\t\t<\/div>\n\t\t\t\t<\/div>\n\t\t\t\t<div class=\"elementor-element elementor-element-09b33df elementor-widget elementor-widget-text-editor\" data-id=\"09b33df\" data-element_type=\"widget\" data-widget_type=\"text-editor.default\">\n\t\t\t\t<div class=\"elementor-widget-container\">\n\t\t\t<style>\/*! elementor - v3.18.0 - 20-12-2023 *\/\n.elementor-widget-text-editor.elementor-drop-cap-view-stacked .elementor-drop-cap{background-color:#69727d;color:#fff}.elementor-widget-text-editor.elementor-drop-cap-view-framed .elementor-drop-cap{color:#69727d;border:3px solid;background-color:transparent}.elementor-widget-text-editor:not(.elementor-drop-cap-view-default) .elementor-drop-cap{margin-top:8px}.elementor-widget-text-editor:not(.elementor-drop-cap-view-default) .elementor-drop-cap-letter{width:1em;height:1em}.elementor-widget-text-editor .elementor-drop-cap{float:left;text-align:center;line-height:1;font-size:50px}.elementor-widget-text-editor .elementor-drop-cap-letter{display:inline-block}<\/style>\t\t\t\t<p><b style=\"color: #916e40;\">Off-season prices (15.09.-15.05.):<\/b><\/p><hr \/><div>\u00a0<\/div><div>Couple Suite: 170 KM per night<\/div><div>Family Suite: 270 KM per night<\/div>\t\t\t\t\t\t<\/div>\n\t\t\t\t<\/div>\n\t\t\t\t<div class=\"elementor-element elementor-element-59ca955 elementor-widget elementor-widget-text-editor\" data-id=\"59ca955\" data-element_type=\"widget\" data-widget_type=\"text-editor.default\">\n\t\t\t\t<div class=\"elementor-widget-container\">\n\t\t\t\t\t\t\t<div><b style=\"color: #916e40;\">Seasonal prices: (May 15 - September 15; December 18 - January 14; April 11 - April 22)<\/b><\/div><div>\u00a0<\/div><div><hr \/><\/div><div>\u00a0<\/div><div>Couple Suite: 200 KM per night<\/div><div>Family Suite: 300 KM per night<\/div>\t\t\t\t\t\t<\/div>\n\t\t\t\t<\/div>\n\t\t\t\t<div class=\"elementor-element elementor-element-5152d33 elementor-widget elementor-widget-text-editor\" data-id=\"5152d33\" data-element_type=\"widget\" data-widget_type=\"text-editor.default\">\n\t\t\t\t<div class=\"elementor-widget-container\">\n\t\t\t\t\t\t\t<div><b style=\"color: #916e40;\">Prices for May 1st and May 2nd:<\/b><\/div><div>\u00a0<\/div><div><hr \/><\/div><div>\u00a0<\/div><div>Couple Suite: 250 KM per night<\/div><div>Family Suite: 350 KM per night<\/div>\t\t\t\t\t\t<\/div>\n\t\t\t\t<\/div>\n\t\t\t\t<div class=\"elementor-element elementor-element-13e1e23 elementor-widget elementor-widget-text-editor\" data-id=\"13e1e23\" data-element_type=\"widget\" data-widget_type=\"text-editor.default\">\n\t\t\t\t<div class=\"elementor-widget-container\">\n\t\t\t\t\t\t\t<div><b style=\"color: #916e40;\">Breakfast:<\/b><\/div><div>\u00a0<\/div><div><hr \/><\/div><div>\u00a0<\/div><div>Available for an additional charge of 15 KM per person.<\/div>\t\t\t\t\t\t<\/div>\n\t\t\t\t<\/div>\n\t\t\t\t<\/div>\n\t\t\t\t\t<\/div>\n\t\t\t\t<\/div>\n\t\t\t\t<section class=\"elementor-section elementor-top-section elementor-element elementor-element-e08f7cf elementor-section-boxed elementor-section-height-default elementor-section-height-default\" data-id=\"e08f7cf\" data-element_type=\"section\" data-settings=\"{&quot;background_background&quot;:&quot;classic&quot;,&quot;shape_divider_top&quot;:&quot;lqd-custom-shape-12&quot;}\">\n\t\t\t\t\t\t\t<div class=\"elementor-background-overlay\"><\/div>\n\t\t\t\t\t\t<div class=\"elementor-shape elementor-shape-top\" data-negative=\"false\">\n\t\t\t<svg class=\"lqd-custom-shape\" xmlns=\"http:\/\/www.w3.org\/2000\/svg\" preserveaspectratio=\"none\"  viewbox=\"0 0 1440 150\">\n    <path class=\"elementor-shape-fill\" d=\"M 0 26.1978 C 275.76 83.8152 430.707 65.0509 716.279 25.6386 C 930.422 -3.86123 1210.32 -3.98357 1439 9.18045 C 2072.34 45.9691 2201.93 62.4429 2560 26.198 V 172.199 L 0 172.199 V 26.1978 Z\">\n        <animate repeatcount=\"indefinite\" fill=\"freeze\" attributename=\"d\" dur=\"10s\" values=\"M0 25.9086C277 84.5821 433 65.736 720 25.9086C934.818 -3.9019 1214.06 -5.23669 1442 8.06597C2079 45.2421 2208 63.5007 2560 25.9088V171.91L0 171.91V25.9086Z; M0 86.3149C316 86.315 444 159.155 884 51.1554C1324 -56.8446 1320.29 34.1214 1538 70.4063C1814 116.407 2156 188.408 2560 86.315V232.317L0 232.316V86.3149Z; M0 53.6584C158 11.0001 213 0 363 0C513 0 855.555 115.001 1154 115.001C1440 115.001 1626 -38.0004 2560 53.6585V199.66L0 199.66V53.6584Z; M0 25.9086C277 84.5821 433 65.736 720 25.9086C934.818 -3.9019 1214.06 -5.23669 1442 8.06597C2079 45.2421 2208 63.5007 2560 25.9088V171.91L0 171.91V25.9086Z\">\n        <\/animate>\n    <\/path>\n<\/svg>\t\t<\/div>\n\t\t\t\t\t<div class=\"elementor-container elementor-column-gap-default\">\n\t\t\t\t\t<div class=\"elementor-column elementor-col-100 elementor-top-column elementor-element elementor-element-1f0e1f0\" data-id=\"1f0e1f0\" data-element_type=\"column\">\n\t\t\t<div class=\"elementor-widget-wrap elementor-element-populated\">\n\t\t\t\t\t\t\t\t<div class=\"elementor-element elementor-element-82b33ef elementor-widget elementor-widget-hub_fancy_heading\" data-id=\"82b33ef\" data-element_type=\"widget\" data-widget_type=\"hub_fancy_heading.default\">\n\t\t\t\t<div class=\"elementor-widget-container\">\n\t\t\t\n\t\t<div id=\"ld-fancy-heading-69e1df7634d5c\" class=\"ld-fancy-heading pos-rel\">\n\t\t\t<h2 class=\"ld-fh-element d-inline-block pos-rel  elementor-heading-title lqd-highlight-classic lqd-highlight-grow-left h2\"  > Your comfortable stay<br>\nis our responsibility.<\/h2>\t\t<\/div>\n\n\t\t\t\t<\/div>\n\t\t\t\t<\/div>\n\t\t\t\t<div class=\"elementor-element elementor-element-7517c9d elementor-widget elementor-widget-ld_button\" data-id=\"7517c9d\" data-element_type=\"widget\" data-widget_type=\"ld_button.default\">\n\t\t\t\t<div class=\"elementor-widget-container\">\n\t\t\t\n\t\t\t<a\n\t\t\t\thref=\"https:\/\/zemunice-knezevic.com\/en\/pravila-i-usluge\/\"class=\"elementor-button btn btn-solid btn-hover-txt-liquid-x-alt btn-icon-right btn-hover-reveal btn-has-label\"\t\t\t>\n\t\t\t\t\t\t\t\t\t<span data-text=\"Pravila i usluge\" class=\"btn-txt\" data-transition-delay=\"true\" data-delay-options=\"{&quot;elements&quot;: &quot;.lqd-chars&quot;, &quot;delayType&quot;: &quot;animation&quot;, &quot;startDelay&quot;: 0, &quot;delayBetween&quot;: 32.5, &quot;reverse&quot;: true}\" data-split-text=\"true\" data-split-options=\"{&quot;type&quot;: &quot;chars, words&quot;}\">\n\t\t\t\t\t\tPravila i usluge\t\t\t\t\t<\/span>\n\t\t\t\t\t\t\t\t\t\t\t\t\t\t<span class=\"btn-icon\">\n\t\t\t\t\t\t\t<i aria-hidden=\"true\" class=\"fas fa-ticket-alt\"><\/i>\t\t\t\t\t\t<\/span>\n\t\t\t\t\t\t\t\t\t<\/a>\n\t\t\t\t\t<\/div>\n\t\t\t\t<\/div>\n\t\t\t\t\t<\/div>\n\t\t<\/div>\n\t\t\t\t\t\t\t<\/div>\n\t\t<\/section>\n\t\t<div class=\"elementor-element elementor-element-de062ae e-flex e-con-boxed e-con e-parent\" data-id=\"de062ae\" data-element_type=\"container\" data-settings=\"{&quot;content_width&quot;:&quot;boxed&quot;}\" data-core-v316-plus=\"true\">\n\t\t\t\t\t<div class=\"e-con-inner\">\n\t\t\t\t<div class=\"elementor-element elementor-element-314b576 elementor-widget elementor-widget-html\" data-id=\"314b576\" data-element_type=\"widget\" data-widget_type=\"html.default\">\n\t\t\t\t<div class=\"elementor-widget-container\">\n\t\t\t<script type=\"application\/ld+json\">\r\n{\r\n  \"@context\": \"http:\/\/schema.org\",\r\n  \"@type\": \"Product\",\r\n  \"name\": \"Couple Suite Apartman\",\r\n  \"description\": \"Udoban apartman za parove sa modernim sadr\u017eajima.\",\r\n  \"category\": \"Couple Suites\",\r\n  \"additionalProperty\": [\r\n    {\r\n      \"@type\": \"PropertyValue\",\r\n      \"name\": \"Jacuzzi\",\r\n      \"value\": \"Dostupan\"\r\n    },\r\n     {\r\n      \"@type\": \"PropertyValue\",\r\n      \"name\": \"Sauna\",\r\n      \"value\": \"Dostupan\"\r\n    },\r\n    {\r\n      \"@type\": \"PropertyValue\",\r\n      \"name\": \"Bazen\",\r\n      \"value\": \"Dostupno\"\r\n    },\r\n    {\r\n      \"@type\": \"PropertyValue\",\r\n      \"name\": \"Pogled na prirodu\",\r\n      \"value\": \"Predivan pogled\"\r\n    }\r\n  ]\r\n}\r\n<\/script>\r\n\r\n<script type=\"application\/ld+json\">\r\n{\r\n  \"@context\": \"http:\/\/schema.org\",\r\n  \"@type\": \"Product\",\r\n  \"name\": \"Family Suite Apartman\",\r\n  \"description\": \"Prostran apartman dizajniran za porodi\u010dni odmor.\",\r\n  \"category\": \"Family Suites\",\r\n  \"additionalProperty\": [\r\n    {\r\n      \"@type\": \"PropertyValue\",\r\n      \"name\": \"Prostrana soba\",\r\n      \"value\": \"Idealno za porodice\"\r\n    },\r\n    {\r\n      \"@type\": \"PropertyValue\",\r\n      \"name\": \"Sauna\",\r\n      \"value\": \"Dostupan\"\r\n    },\r\n    {\r\n      \"@type\": \"PropertyValue\",\r\n      \"name\": \"Pogled na prirodu\",\r\n      \"value\": \"Predivan pogled\"\r\n    },\r\n    {\r\n      \"@type\": \"PropertyValue\",\r\n      \"name\": \"Bazen\",\r\n      \"value\": \"Dostupno\"\r\n    }\r\n  ]\r\n}\r\n<\/script>\r\n\r\n<script type=\"application\/ld+json\">\r\n{\r\n  \"@context\": \"https:\/\/schema.org\/\",\r\n  \"@type\": \"WebSite\",\r\n  \"name\": \"Apartmani\",\r\n  \"url\": \"https:\/\/zemunice-knezevic.com\/apartmani\/\",\r\n  \"potentialAction\": {\r\n    \"@type\": \"SearchAction\",\r\n    \"target\": \"https:\/\/zemunice-knezevic.com\/apartmani\/{search_term_string}aprtmani\",\r\n    \"query-input\": \"required name=apartmani, smjestaj, nocenje\"\r\n  }\r\n}\r\n<\/script>\r\n\r\n<script type=\"application\/ld+json\">\r\n{\r\n  \"@context\": \"http:\/\/schema.org\",\r\n  \"@type\": \"Offer\",\r\n  \"url\": \"https:\/\/zemunice-knezevic.com\/apartmani\/\",\r\n  \"priceCurrency\": \"EUR\",\r\n  \"price\": \"75-85\",\r\n  \"validFrom\": \"2023-12-01\",\r\n  \"validThrough\": \"2024-12-01\",\r\n  \"availability\": \"http:\/\/schema.org\/InStock\",\r\n  \"itemOffered\": {\r\n    \"@type\": \"Service\",\r\n    \"name\": \"Couple Suite Apartman\",\r\n    \"description\": \"Luksuzni apartman idealan za romanti\u010dni odmor parova.\"\r\n  }\r\n}\r\n<\/script>\r\n\r\n<script type=\"application\/ld+json\">\r\n{\r\n  \"@context\": \"http:\/\/schema.org\",\r\n  \"@type\": \"Offer\",\r\n  \"url\": \"https:\/\/zemunice-knezevic.com\/apartmani\/\",\r\n  \"priceCurrency\": \"EUR\",\r\n  \"price\": \"125-135\",\r\n  \"validFrom\": \"2023-12-01\",\r\n  \"validThrough\": \"2024-12-01\",\r\n  \"availability\": \"http:\/\/schema.org\/InStock\",\r\n  \"itemOffered\": {\r\n    \"@type\": \"Service\",\r\n    \"name\": \"Family Suite Apartman\",\r\n    \"description\": \"Prostrani apartman savr\u0161en za porodice, sa svim udobnostima.\"\r\n  }\r\n}\r\n<\/script>\t\t<\/div>\n\t\t\t\t<\/div>\n\t\t\t\t\t<\/div>\n\t\t\t\t<\/div>\n\t\t\t\t\t\t\t<\/div>","protected":false},"excerpt":{"rendered":"<p>Apartmani \/ cjenovnik Na\u0161a ponuda Couple Suits Family Suits Bazen &#8211; Sezonska oaza u\u017eivanja Sauna Dobrodo\u0161li u na\u0161e apartmane za parove, za dvoje. Ukupno 4 apartmana su pa\u017eljivo dizajnirana samo za parove, stvaraju\u0107i posebno romanti\u010dno iskustvo. Svaki apartman ima svoj privatni \u0111akuzi koji obe\u0107ava potpuno opu\u0161tanje dok u\u017eivate u \u010darobnom pogledu na Osma\u010du. Na\u0161e detaljno [&hellip;]<\/p>","protected":false},"author":1,"featured_media":0,"parent":0,"menu_order":0,"comment_status":"closed","ping_status":"closed","template":"","meta":{"footnotes":""},"class_list":["post-54501","page","type-page","status-publish","hentry"],"_links":{"self":[{"href":"https:\/\/zemunice-knezevic.com\/en\/wp-json\/wp\/v2\/pages\/54501","targetHints":{"allow":["GET"]}}],"collection":[{"href":"https:\/\/zemunice-knezevic.com\/en\/wp-json\/wp\/v2\/pages"}],"about":[{"href":"https:\/\/zemunice-knezevic.com\/en\/wp-json\/wp\/v2\/types\/page"}],"author":[{"embeddable":true,"href":"https:\/\/zemunice-knezevic.com\/en\/wp-json\/wp\/v2\/users\/1"}],"replies":[{"embeddable":true,"href":"https:\/\/zemunice-knezevic.com\/en\/wp-json\/wp\/v2\/comments?post=54501"}],"version-history":[{"count":67,"href":"https:\/\/zemunice-knezevic.com\/en\/wp-json\/wp\/v2\/pages\/54501\/revisions"}],"predecessor-version":[{"id":54890,"href":"https:\/\/zemunice-knezevic.com\/en\/wp-json\/wp\/v2\/pages\/54501\/revisions\/54890"}],"wp:attachment":[{"href":"https:\/\/zemunice-knezevic.com\/en\/wp-json\/wp\/v2\/media?parent=54501"}],"curies":[{"name":"wp","href":"https:\/\/api.w.org\/{rel}","templated":true}]}}