{"id":54772,"date":"2023-09-06T14:43:36","date_gmt":"2023-09-06T12:43:36","guid":{"rendered":"https:\/\/zemunice-knezevic.com\/?page_id=54772"},"modified":"2023-09-06T14:46:29","modified_gmt":"2023-09-06T12:46:29","slug":"pravila-i-usluge","status":"publish","type":"page","link":"https:\/\/zemunice-knezevic.com\/en\/pravila-i-usluge\/","title":{"rendered":"Pravila i usluge"},"content":{"rendered":"<div data-elementor-type=\"wp-page\" data-elementor-id=\"54772\" class=\"elementor elementor-54772\">\n\t\t\t\t\t\t\t\t\t<section class=\"elementor-section elementor-top-section elementor-element elementor-element-002bafe elementor-section-height-min-height elementor-section-boxed elementor-section-height-default elementor-section-items-middle\" data-id=\"002bafe\" data-element_type=\"section\" data-settings=\"{&quot;background_background&quot;:&quot;classic&quot;,&quot;shape_divider_bottom&quot;:&quot;lqd-custom-shape-12&quot;}\">\n\t\t\t\t\t\t\t<div class=\"elementor-background-overlay\"><\/div>\n\t\t\t\t\t\t<div class=\"elementor-shape elementor-shape-bottom\" data-negative=\"false\">\n\t\t\t<svg class=\"lqd-custom-shape\" xmlns=\"http:\/\/www.w3.org\/2000\/svg\" preserveaspectratio=\"none\"  viewbox=\"0 0 1440 150\">\n    <path class=\"elementor-shape-fill\" d=\"M 0 26.1978 C 275.76 83.8152 430.707 65.0509 716.279 25.6386 C 930.422 -3.86123 1210.32 -3.98357 1439 9.18045 C 2072.34 45.9691 2201.93 62.4429 2560 26.198 V 172.199 L 0 172.199 V 26.1978 Z\">\n        <animate repeatcount=\"indefinite\" fill=\"freeze\" attributename=\"d\" dur=\"10s\" values=\"M0 25.9086C277 84.5821 433 65.736 720 25.9086C934.818 -3.9019 1214.06 -5.23669 1442 8.06597C2079 45.2421 2208 63.5007 2560 25.9088V171.91L0 171.91V25.9086Z; M0 86.3149C316 86.315 444 159.155 884 51.1554C1324 -56.8446 1320.29 34.1214 1538 70.4063C1814 116.407 2156 188.408 2560 86.315V232.317L0 232.316V86.3149Z; M0 53.6584C158 11.0001 213 0 363 0C513 0 855.555 115.001 1154 115.001C1440 115.001 1626 -38.0004 2560 53.6585V199.66L0 199.66V53.6584Z; M0 25.9086C277 84.5821 433 65.736 720 25.9086C934.818 -3.9019 1214.06 -5.23669 1442 8.06597C2079 45.2421 2208 63.5007 2560 25.9088V171.91L0 171.91V25.9086Z\">\n        <\/animate>\n    <\/path>\n<\/svg>\t\t<\/div>\n\t\t\t\t\t<div class=\"elementor-container elementor-column-gap-default\">\n\t\t\t\t\t<div class=\"elementor-column elementor-col-100 elementor-top-column elementor-element elementor-element-0210ddd\" data-id=\"0210ddd\" data-element_type=\"column\">\n\t\t\t<div class=\"elementor-widget-wrap elementor-element-populated\">\n\t\t\t\t\t\t\t\t<div class=\"elementor-element elementor-element-b39e216 elementor-widget elementor-widget-hub_fancy_heading\" data-id=\"b39e216\" data-element_type=\"widget\" data-widget_type=\"hub_fancy_heading.default\">\n\t\t\t\t<div class=\"elementor-widget-container\">\n\t\t\t\n\t\t<div id=\"ld-fancy-heading-69dfd83c8cc5d\" class=\"ld-fancy-heading pos-rel\">\n\t\t\t<h1 class=\"ld-fh-element d-inline-block pos-rel  elementor-heading-title lqd-highlight-classic lqd-highlight-grow-left h1\"  > Rules and services<\/h1>\t\t<\/div>\n\n\t\t\t\t<\/div>\n\t\t\t\t<\/div>\n\t\t\t\t\t<\/div>\n\t\t<\/div>\n\t\t\t\t\t\t\t<\/div>\n\t\t<\/section>\n\t\t<div class=\"elementor-element elementor-element-4ea25bf e-flex e-con-boxed e-con e-parent\" data-id=\"4ea25bf\" data-element_type=\"container\" data-settings=\"{&quot;content_width&quot;:&quot;boxed&quot;}\" data-core-v316-plus=\"true\">\n\t\t\t\t\t<div class=\"e-con-inner\">\n\t\t\t\t<div class=\"elementor-element elementor-element-fb466a3 elementor-widget elementor-widget-text-editor\" data-id=\"fb466a3\" data-element_type=\"widget\" data-widget_type=\"text-editor.default\">\n\t\t\t\t<div class=\"elementor-widget-container\">\n\t\t\t<style>\/*! elementor - v3.18.0 - 20-12-2023 *\/\n.elementor-widget-text-editor.elementor-drop-cap-view-stacked .elementor-drop-cap{background-color:#69727d;color:#fff}.elementor-widget-text-editor.elementor-drop-cap-view-framed .elementor-drop-cap{color:#69727d;border:3px solid;background-color:transparent}.elementor-widget-text-editor:not(.elementor-drop-cap-view-default) .elementor-drop-cap{margin-top:8px}.elementor-widget-text-editor:not(.elementor-drop-cap-view-default) .elementor-drop-cap-letter{width:1em;height:1em}.elementor-widget-text-editor .elementor-drop-cap{float:left;text-align:center;line-height:1;font-size:50px}.elementor-widget-text-editor .elementor-drop-cap-letter{display:inline-block}<\/style>\t\t\t\t<p><em>Your comfortable stay is our responsibility.<\/em><\/p><p><span style=\"font-weight: 400;\">Welcome to the Rules and Services page of Zemunica Kne\u017eevi\u0107. We are here to provide you with the most pleasant stay in our paradise. Please familiarize yourself with our rules to ensure peace and comfort for all guests.<\/span><\/p><p><strong>Check-in time: 14:00 (2:00 PM)<\/strong><\/p><p><span style=\"font-weight: 400;\">Your adventure with us begins at 2:00 PM. Our friendly team will be ready to welcome you and ensure a smooth check-in. Your room or apartment will be prepared for you to settle in and enjoy your relaxation from 2:00 PM onwards.<\/span><\/p><p><strong>Check-out time: 11:00 AM<\/strong><\/p><p><span style=\"font-weight: 400;\">After your unforgettable stay, please vacate your room or apartment by 11:00 AM so that we can prepare the space for the next guests. This step ensures that each experience is seamless. If you wish to extend your stay, please contact the reception, and we will do our best to accommodate your request.<\/span><\/p><p><strong>Pet Friendly<\/strong><\/p><p><span style=\"font-weight: 400;\">Your furry friends are welcome here. Zemunica Kne\u017eevi\u0107 is a \"pet-friendly\" place because your pets deserve a break in nature too. Please inform us in advance about the presence of your pet so that we can make the necessary arrangements for their comfort.<\/span><\/p><p><strong>House Rules\/Quiet Hours: 10:00 PM \u2013 6:00 AM<\/strong><\/p><p><span style=\"font-weight: 400;\">It is important that all guests have the opportunity for a peaceful sleep. Please observe quiet hours from 10:00 PM to 6:00 AM to ensure rest and relaxation for everyone.<\/span><\/p><p><strong>Pool and Sauna Hours: 8:00 AM \u2013 10:00 PM<\/strong><\/p><p><span style=\"font-weight: 400;\">Our refreshing pools and warm saunas are available for you from 8 in the morning until 10 in the evening. Enjoy these facilities during these hours and experience complete relaxation.<\/span><\/p><p><strong>Additional services upon request.<\/strong><\/p><p><span style=\"font-weight: 400;\">Feel free to contact us for additional services that can enhance your stay. Parking, taxi transportation, wine tours, and other options are available upon request. Please inform us in advance about your needs.<\/span><\/p><p><strong>Cancellation Policy<\/strong><\/p><p><span style=\"font-weight: 400;\">Reservations can be canceled up to 48 hours before the planned arrival. If you cancel the reservation later, the full amount of the reservation will be charged.<\/span><\/p><p><strong>Property Responsibility<\/strong><\/p><p><span style=\"font-weight: 400;\">Please treat Zemunica Kne\u017eevi\u0107's property responsibly. Guests are responsible for any damage to the property and will be held liable for compensation. Additionally, Zemunica Kne\u017eevi\u0107 is not responsible for your personal property, so please take care of storing your personal belongings.\u00a0<\/span><\/p><p><strong>Airport Transportation and Additional Information<\/strong><\/p><p><span style=\"font-weight: 400;\">Airport transportation is available upon request for an additional fee. For more information, please feel free to contact us.<\/span><\/p><p><em><span style=\"font-weight: 400;\">Thank you for respecting our rules and services so that we can all enjoy this beautiful environment. If you have any questions, please feel free to contact us. Your happiness and comfort are our top priorities.<\/span><\/em><\/p>\t\t\t\t\t\t<\/div>\n\t\t\t\t<\/div>\n\t\t\t\t\t<\/div>\n\t\t\t\t<\/div>\n\t\t\t\t\t\t\t<\/div>","protected":false},"excerpt":{"rendered":"<p>Pravila i uslige Va\u0161 udoban boravak je na\u0161a odgovornost. Dobrodo\u0161li na stranicu Pravila i usluge Zemunica Kne\u017eevi\u0107. Ovdje smo kako bismo vam omogu\u0107ili \u0161to prijatniji boravak u na\u0161em raju. Molimo vas da se upoznate s na\u0161im pravilima kako bismo zajedno osigurali mir i udobnost za sve goste. Vrijeme Prijava: 14h Va\u0161a avantura kod nas po\u010dinje [&hellip;]<\/p>","protected":false},"author":1,"featured_media":0,"parent":0,"menu_order":0,"comment_status":"closed","ping_status":"closed","template":"","meta":{"footnotes":""},"class_list":["post-54772","page","type-page","status-publish","hentry"],"_links":{"self":[{"href":"https:\/\/zemunice-knezevic.com\/en\/wp-json\/wp\/v2\/pages\/54772","targetHints":{"allow":["GET"]}}],"collection":[{"href":"https:\/\/zemunice-knezevic.com\/en\/wp-json\/wp\/v2\/pages"}],"about":[{"href":"https:\/\/zemunice-knezevic.com\/en\/wp-json\/wp\/v2\/types\/page"}],"author":[{"embeddable":true,"href":"https:\/\/zemunice-knezevic.com\/en\/wp-json\/wp\/v2\/users\/1"}],"replies":[{"embeddable":true,"href":"https:\/\/zemunice-knezevic.com\/en\/wp-json\/wp\/v2\/comments?post=54772"}],"version-history":[{"count":4,"href":"https:\/\/zemunice-knezevic.com\/en\/wp-json\/wp\/v2\/pages\/54772\/revisions"}],"predecessor-version":[{"id":54776,"href":"https:\/\/zemunice-knezevic.com\/en\/wp-json\/wp\/v2\/pages\/54772\/revisions\/54776"}],"wp:attachment":[{"href":"https:\/\/zemunice-knezevic.com\/en\/wp-json\/wp\/v2\/media?parent=54772"}],"curies":[{"name":"wp","href":"https:\/\/api.w.org\/{rel}","templated":true}]}}